{"id":1597,"date":"2022-01-05T11:19:58","date_gmt":"2022-01-05T10:19:58","guid":{"rendered":"https:\/\/www.bonisson.com\/?page_id=1597"},"modified":"2026-01-12T15:52:34","modified_gmt":"2026-01-12T14:52:34","slug":"bonisson-art-center-2021-2022","status":"publish","type":"page","link":"https:\/\/www.bonisson.com\/en\/bonisson-art-center-2021-2022\/","title":{"rendered":"Bonisson Expositions 2021-2025"},"content":{"rendered":"<p>[vc_row css=&#8221;.vc_custom_1624955888798{margin-top: 25px !important;}&#8221;][vc_column][vc_raw_html]JTNDJTIxLS0lMjB3cCUzQWNvdmVyJTIwJTdCJTIydXJsJTIyJTNBJTIyaHR0cHMlM0ElMkYlMkZ3d3cuYm9uaXNzb24uY29tJTJGd3AtY29udGVudCUyRnVwbG9hZHMlMkYyMDIxJTJGMTIlMkZzMV9hdWJlcnRpbl9ndm9pbm90LTE2MTcuanBnJTIyJTJDJTIyaWQlMjIlM0EyNDglMkMlMjJkaW1SYXRpbyUyMiUzQTAlMkMlMjJmb2NhbFBvaW50JTIyJTNBJTdCJTIyeCUyMiUzQSUyMjAuNTAlMjIlMkMlMjJ5JTIyJTNBJTIyMC41NyUyMiU3RCU3RCUyMC0tJTNFJTBBJTNDZGl2JTIwY2xhc3MlM0QlMjJ3cC1ibG9jay1jb3ZlciUyMiUyMHN0eWxlJTNEJTIyYmFja2dyb3VuZC1pbWFnZSUzQSUyMHVybCUyOCUyN2h0dHBzJTNBJTJGJTJGd3d3LmJvbmlzc29uLmNvbSUyRndwLWNvbnRlbnQlMkZ1cGxvYWRzJTJGMjAyMSUyRjEyJTJGczFfYXViZXJ0aW5fZ3ZvaW5vdC0xNjE3LmpwZyUyNyUyOSUzQiUyMGJhY2tncm91bmQtcG9zaXRpb24lM0ElMjA1MCUyNSUyMDU3JTI1JTNCJTIyJTNFJTBBJTNDZGl2JTIwY2xhc3MlM0QlMjJ3cC1ibG9jay1jb3Zlcl9faW5uZXItY29udGFpbmVyJTIyJTNFJTNDJTIxLS0lMjB3cCUzQWdyb3VwJTIwJTdCJTIyY2xhc3NOYW1lJTIyJTNBJTIycGFnZS10aXRsZSUyMiU3RCUyMC0tJTNFJTBBJTNDZGl2JTIwY2xhc3MlM0QlMjJ3cC1ibG9jay1ncm91cCUyMHBhZ2UtdGl0bGUlMjIlM0UlMEElM0NkaXYlMjBjbGFzcyUzRCUyMndwLWJsb2NrLWdyb3VwX19pbm5lci1jb250YWluZXIlMjIlM0UlM0MlMjEtLSUyMHdwJTNBaGVhZGluZyUyMCU3QiUyMmxldmVsJTIyJTNBMSU3RCUyMC0tJTNFJTBBJTNDaDElM0VCb25pc3NvbiUyMEFydCUyMENlbnRlciUzQyUyRmgxJTNFJTBBJTNDJTIxLS0lMjAlMkZ3cCUzQWhlYWRpbmclMjAtLSUzRSUwQSUwQSUzQyUyMS0tJTIwd3AlM0FoZWFkaW5nJTIwLS0lM0UlMEElM0NoMSUzRUVYSElCSVRJT05TJTIwMjAyMS0yMDI1JTNDJTJGaDElM0UlMEElM0NwJTNFJTNDJTIxLS0lMjAlMkZ3cCUzQWhlYWRpbmclMjAtLSUzRSUzQyUyRnAlM0UlMEElM0MlMkZkaXYlM0UlMEElM0MlMkZkaXYlM0UlMEElM0NwJTNFJTNDJTIxLS0lMjAlMkZ3cCUzQWdyb3VwJTIwLS0lM0UlM0MlMkZwJTNFJTBBJTNDJTJGZGl2JTNFJTBBJTNDJTJGZGl2JTNFJTBBJTNDJTIxLS0lMjAlMkZ3cCUzQWNvdmVyJTIwLS0lM0U=[\/vc_raw_html][\/vc_column][\/vc_row][vc_row css=&#8221;.vc_custom_1624954553501{margin-top: 25px !important;margin-right: 35px !important;margin-left: 35px !important;}&#8221;][vc_column][vc_row_inner css=&#8221;.vc_custom_1624954767159{padding-right: 25px !important;padding-left: 25px !important;}&#8221;][vc_column_inner width=&#8221;1\/2&#8243;][vc_single_image image=&#8221;307&#8243; img_size=&#8221;500&#215;400&#8243; alignment=&#8221;center&#8221; css=&#8221;.vc_custom_1676890785656{margin-bottom: 0px !important;}&#8221;][vc_column_text css=&#8221;.vc_custom_1742316383147{margin-top: 0px !important;margin-bottom: 10px !important;}&#8221;]<\/p>\n<p class=\"has-text-align-center\" style=\"text-align: center;\">January-May 2021<br \/>\n<strong><a href=\"https:\/\/www.bonisson.com\/bonisson-art-center\/georges-rousse\/\">Georges Rousse<\/a><\/strong><\/p>\n<p>[\/vc_column_text][\/vc_column_inner][vc_column_inner width=&#8221;1\/2&#8243;][vc_single_image image=&#8221;1572&#8243; img_size=&#8221;500&#215;400&#8243; alignment=&#8221;center&#8221; css=&#8221;.vc_custom_1676890791774{margin-bottom: 0px !important;}&#8221;][vc_column_text css=&#8221;.vc_custom_1742316403033{margin-top: 0px !important;margin-bottom: 10px !important;}&#8221;]<\/p>\n<p class=\"has-text-align-center\" style=\"text-align: center;\">May-September 2021<br \/>\n<strong><a href=\"https:\/\/www.bonisson.com\/bonisson-art-center\/nicolas-chardon-michel-verjux\/\">Nicolas Chardon &amp; Michel Verjux<\/a><\/strong><\/p>\n<p>[\/vc_column_text][\/vc_column_inner][\/vc_row_inner][vc_row_inner css=&#8221;.vc_custom_1624954767159{padding-right: 25px !important;padding-left: 25px !important;}&#8221;][vc_column_inner width=&#8221;1\/2&#8243;][vc_single_image image=&#8221;1555&#8243; img_size=&#8221;500&#215;400&#8243; alignment=&#8221;center&#8221;][vc_column_text css=&#8221;.vc_custom_1742316632084{margin-top: 0px !important;margin-bottom: px !important;}&#8221;]<\/p>\n<p class=\"has-text-align-center\" style=\"text-align: center;\">October 2021 \u2013 February 2022<br \/>\n<strong><a href=\"https:\/\/www.bonisson.com\/bonisson-art-center\/georges-rousse\/\">Bernard Aubertin<\/a><\/strong><\/p>\n<p>[\/vc_column_text][\/vc_column_inner][vc_column_inner width=&#8221;1\/2&#8243;][vc_single_image image=&#8221;2164&#8243; img_size=&#8221;500&#215;400&#8243; alignment=&#8221;center&#8221;][vc_column_text css=&#8221;.vc_custom_1742316745490{margin-top: 0px !important;margin-bottom: px !important;}&#8221;]<\/p>\n<p class=\"has-text-align-center\" style=\"text-align: center;\">February &#8211; June 2022<br \/>\n<strong><a href=\"https:\/\/www.bonisson.com\/bonisson-art-center\/georges-rousse\/\">Claude Viallat<\/a><\/strong><\/p>\n<p>[\/vc_column_text][\/vc_column_inner][\/vc_row_inner][vc_row_inner css=&#8221;.vc_custom_1624954767159{padding-right: 25px !important;padding-left: 25px !important;}&#8221;][vc_column_inner width=&#8221;1\/2&#8243;][vc_single_image image=&#8221;1795&#8243; img_size=&#8221;500&#215;400&#8243; alignment=&#8221;center&#8221; css=&#8221;.vc_custom_1677429273048{margin-bottom: 0px !important;}&#8221;][vc_column_text css=&#8221;.vc_custom_1676890898279{margin-top: 0px !important;margin-bottom: 10px !important;}&#8221;]<\/p>\n<p class=\"has-text-align-center\" style=\"text-align: center;\">May \u2013 September 2022<br \/>\n<strong><a href=\"https:\/\/www.bonisson.com\/bonisson-art-center\/bae-bien-u-naomi-safran-hon\/\">Bae Bien-U &amp; Naomi Safran-Hon<\/a><\/strong><\/p>\n<p>[\/vc_column_text][\/vc_column_inner][vc_column_inner width=&#8221;1\/2&#8243;][vc_single_image image=&#8221;2168&#8243; img_size=&#8221;500&#215;400&#8243; alignment=&#8221;center&#8221;][vc_column_text]<\/p>\n<p style=\"text-align: center;\">October 2022 &#8211; February 2023<br \/>\n<strong><a href=\"https:\/\/www.bonisson.com\/bonisson-art-center\/mouvement\/\">Mouvement | A tribute to Denise Ren\u00e9<\/a><\/strong><\/p>\n<p>[\/vc_column_text][\/vc_column_inner][\/vc_row_inner][vc_row_inner css=&#8221;.vc_custom_1624954767159{padding-right: 25px !important;padding-left: 25px !important;}&#8221;][vc_column_inner width=&#8221;1\/2&#8243;][vc_single_image image=&#8221;2431&#8243; img_size=&#8221;500&#215;400&#8243; alignment=&#8221;center&#8221; css=&#8221;.vc_custom_1695032967974{margin-bottom: 0px !important;}&#8221;][vc_column_text css=&#8221;.vc_custom_1695033009346{margin-top: 0px !important;margin-bottom: 10px !important;}&#8221;]<\/p>\n<p class=\"has-text-align-center\" style=\"text-align: center;\">January \u2013 May 2023<br \/>\n<strong><a href=\"https:\/\/www.bonisson.com\/bonisson-art-center\/jeanne-susplugas\/\">Jeanne Susplugas<\/a><\/strong><\/p>\n<p>[\/vc_column_text][\/vc_column_inner][vc_column_inner width=&#8221;1\/2&#8243;][vc_single_image image=&#8221;2772&#8243; img_size=&#8221;500&#215;400&#8243; alignment=&#8221;center&#8221;][vc_column_text]<\/p>\n<p style=\"text-align: center;\">May &#8211; September 2023<br \/>\n<strong><a href=\"https:\/\/www.bonisson.com\/bonisson-art-center\/leon-wuidar\">L\u00e9on Wuidar<\/a><\/strong><\/p>\n<p>[\/vc_column_text][\/vc_column_inner][\/vc_row_inner][vc_row_inner css=&#8221;.vc_custom_1624954767159{padding-right: 25px !important;padding-left: 25px !important;}&#8221;][vc_column_inner width=&#8221;1\/2&#8243;][vc_single_image image=&#8221;2923&#8243; img_size=&#8221;500&#215;400&#8243; alignment=&#8221;center&#8221; css=&#8221;.vc_custom_1704708139431{margin-bottom: 0px !important;}&#8221;][vc_column_text css=&#8221;.vc_custom_1704708187443{margin-top: 0px !important;margin-bottom: 10px !important;}&#8221;]<\/p>\n<p class=\"has-text-align-center\" style=\"text-align: center;\">September 2023 \u2013 January 2024<br \/>\n<strong><a href=\"https:\/\/www.bonisson.com\/bonisson-art-center\/philippe-ramette\">Philippe Ramette<\/a><\/strong><\/p>\n<p>[\/vc_column_text][\/vc_column_inner][vc_column_inner width=&#8221;1\/2&#8243;][vc_single_image image=&#8221;3332&#8243; img_size=&#8221;500&#215;400&#8243; alignment=&#8221;center&#8221; css=&#8221;.vc_custom_1725266271693{margin-bottom: 0px !important;}&#8221;][vc_column_text css=&#8221;.vc_custom_1725266347508{margin-top: 0px !important;margin-bottom: 10px !important;}&#8221;]<\/p>\n<p class=\"has-text-align-center\" style=\"text-align: center;\">September 2023 \u2013 January 2024<br \/>\n<strong><a href=\"https:\/\/www.bonisson.com\/bonisson-art-center\/lessismore\">&#8230; Less is more &#8230;<\/a><\/strong><\/p>\n<p>[\/vc_column_text][\/vc_column_inner][\/vc_row_inner][vc_row_inner css=&#8221;.vc_custom_1624954767159{padding-right: 25px !important;padding-left: 25px !important;}&#8221;][vc_column_inner width=&#8221;1\/2&#8243;][vc_single_image image=&#8221;3633&#8243; img_size=&#8221;500&#215;400&#8243; alignment=&#8221;center&#8221; css=&#8221;.vc_custom_1742315928825{margin-bottom: 0px !important;}&#8221;][vc_column_text css=&#8221;.vc_custom_1742316243098{margin-top: 0px !important;margin-bottom: 10px !important;}&#8221;]<\/p>\n<p class=\"has-text-align-center\" style=\"text-align: center;\">September 2024 \u2013 January 2025<br \/>\n<strong><a href=\"https:\/\/www.bonisson.com\/bonisson-art-center\/deux-et-deux-font-un\/\">Deux et deux font un<\/a><\/strong><\/p>\n<p>[\/vc_column_text][\/vc_column_inner][vc_column_inner width=&#8221;1\/2&#8243;][vc_single_image image=&#8221;3584&#8243; img_size=&#8221;500&#215;400&#8243; alignment=&#8221;center&#8221; css=&#8221;.vc_custom_1750686007518{margin-bottom: 0px !important;}&#8221;][vc_column_text css=&#8221;.vc_custom_1750686055699{margin-top: 0px !important;margin-bottom: 10px !important;}&#8221;]<\/p>\n<p class=\"has-text-align-center\" style=\"text-align: center;\">February \u2013 June 2025<br \/>\n<strong><a href=\"https:\/\/www.bonisson.com\/bonisson-art-center\/perdre-son-temps\/\">Ligne(s) de mire<\/a><\/strong><\/p>\n<p>[\/vc_column_text][\/vc_column_inner][\/vc_row_inner][vc_row_inner css=&#8221;.vc_custom_1624954767159{padding-right: 25px !important;padding-left: 25px !important;}&#8221;][vc_column_inner width=&#8221;1\/2&#8243;][vc_single_image image=&#8221;3864&#8243; img_size=&#8221;500&#215;400&#8243; alignment=&#8221;center&#8221; css=&#8221;.vc_custom_1757943298109{margin-bottom: 0px !important;}&#8221;][vc_column_text css=&#8221;.vc_custom_1757943348308{margin-top: 0px !important;margin-bottom: 10px !important;}&#8221;]<\/p>\n<p class=\"has-text-align-center\" style=\"text-align: center;\">June \u2013 September 2025<br \/>\n<strong><a href=\"https:\/\/www.bonisson.com\/bonisson-art-center\/perdre-son-temps\/\">Perdre son temps<\/a><\/strong><\/p>\n<p>[\/vc_column_text][\/vc_column_inner][vc_column_inner width=&#8221;1\/2&#8243;][vc_single_image image=&#8221;4002&#8243; img_size=&#8221;500&#215;400&#8243; alignment=&#8221;center&#8221; css=&#8221;.vc_custom_1768229446881{margin-bottom: 0px !important;}&#8221;][vc_column_text css=&#8221;.vc_custom_1768229553361{margin-top: 0px !important;margin-bottom: 10px !important;}&#8221;]<\/p>\n<p class=\"has-text-align-center\" style=\"text-align: center;\">September 2025 &#8211; January 2026<br \/>\n<a href=\"https:\/\/www.bonisson.com\/bonisson-art-center\/richard-nonas\/\"><b>Richard Nonas<\/b><\/a><\/p>\n<p>[\/vc_column_text][\/vc_column_inner][\/vc_row_inner][\/vc_column][\/vc_row]<\/p>\n","protected":false},"excerpt":{"rendered":"<p>[vc_row css=&#8221;.vc_custom_1624955888798{margin-top: 25px !important;}&#8221;][vc_column][vc_raw_html]JTNDJTIxLS0lMjB3cCUzQWNvdmVyJTIwJTdCJTIydXJsJTIyJTNBJTIyaHR0cHMlM0ElMkYlMkZ3d3cuYm9uaXNzb24uY29tJTJGd3AtY29udGVudCUyRnVwbG9hZHMlMkYyMDIxJTJGMTIlMkZzMV9hdWJlcnRpbl9ndm9pbm90LTE2MTcuanBnJTIyJTJDJTIyaWQlMjIlM0EyNDglMkMlMjJkaW1SYXRpbyUyMiUzQTAlMkMlMjJmb2NhbFBvaW50JTIyJTNBJTdCJTIyeCUyMiUzQSUyMjAuNTAlMjIlMkMlMjJ5JTIyJTNBJTIyMC41NyUyMiU3RCU3RCUyMC0tJTNFJTBBJTNDZGl2JTIwY2xhc3MlM0QlMjJ3cC1ibG9jay1jb3ZlciUyMiUyMHN0eWxlJTNEJTIyYmFja2dyb3VuZC1pbWFnZSUzQSUyMHVybCUyOCUyN2h0dHBzJTNBJTJGJTJGd3d3LmJvbmlzc29uLmNvbSUyRndwLWNvbnRlbnQlMkZ1cGxvYWRzJTJGMjAyMSUyRjEyJTJGczFfYXViZXJ0aW5fZ3ZvaW5vdC0xNjE3LmpwZyUyNyUyOSUzQiUyMGJhY2tncm91bmQtcG9zaXRpb24lM0ElMjA1MCUyNSUyMDU3JTI1JTNCJTIyJTNFJTBBJTNDZGl2JTIwY2xhc3MlM0QlMjJ3cC1ibG9jay1jb3Zlcl9faW5uZXItY29udGFpbmVyJTIyJTNFJTNDJTIxLS0lMjB3cCUzQWdyb3VwJTIwJTdCJTIyY2xhc3NOYW1lJTIyJTNBJTIycGFnZS10aXRsZSUyMiU3RCUyMC0tJTNFJTBBJTNDZGl2JTIwY2xhc3MlM0QlMjJ3cC1ibG9jay1ncm91cCUyMHBhZ2UtdGl0bGUlMjIlM0UlMEElM0NkaXYlMjBjbGFzcyUzRCUyMndwLWJsb2NrLWdyb3VwX19pbm5lci1jb250YWluZXIlMjIlM0UlM0MlMjEtLSUyMHdwJTNBaGVhZGluZyUyMCU3QiUyMmxldmVsJTIyJTNBMSU3RCUyMC0tJTNFJTBBJTNDaDElM0VCb25pc3NvbiUyMEFydCUyMENlbnRlciUzQyUyRmgxJTNFJTBBJTNDJTIxLS0lMjAlMkZ3cCUzQWhlYWRpbmclMjAtLSUzRSUwQSUwQSUzQyUyMS0tJTIwd3AlM0FoZWFkaW5nJTIwLS0lM0UlMEElM0NoMSUzRUVYSElCSVRJT05TJTIwMjAyMS0yMDI1JTNDJTJGaDElM0UlMEElM0NwJTNFJTNDJTIxLS0lMjAlMkZ3cCUzQWhlYWRpbmclMjAtLSUzRSUzQyUyRnAlM0UlMEElM0MlMkZkaXYlM0UlMEElM0MlMkZkaXYlM0UlMEElM0NwJTNFJTNDJTIxLS0lMjAlMkZ3cCUzQWdyb3VwJTIwLS0lM0UlM0MlMkZwJTNFJTBBJTNDJTJGZGl2JTNFJTBBJTNDJTJGZGl2JTNFJTBBJTNDJTIxLS0lMjAlMkZ3cCUzQWNvdmVyJTIwLS0lM0U=[\/vc_raw_html][\/vc_column][\/vc_row][vc_row css=&#8221;.vc_custom_1624954553501{margin-top: 25px !important;margin-right: 35px !important;margin-left: 35px !important;}&#8221;][vc_column][vc_row_inner css=&#8221;.vc_custom_1624954767159{padding-right: 25px !important;padding-left: 25px !important;}&#8221;][vc_column_inner width=&#8221;1\/2&#8243;][vc_single_image image=&#8221;307&#8243; img_size=&#8221;500&#215;400&#8243; alignment=&#8221;center&#8221; css=&#8221;.vc_custom_1676890785656{margin-bottom: 0px !important;}&#8221;][vc_column_text css=&#8221;.vc_custom_1742316383147{margin-top: 0px !important;margin-bottom: 10px !important;}&#8221;] January-May 2021 Georges Rousse [\/vc_column_text][\/vc_column_inner][vc_column_inner width=&#8221;1\/2&#8243;][vc_single_image image=&#8221;1572&#8243; &#8230;<\/p>\n","protected":false},"author":1,"featured_media":0,"parent":0,"menu_order":0,"comment_status":"closed","ping_status":"closed","template":"","meta":[],"yoast_head":"<!-- This site is optimized with the Yoast SEO plugin v18.1 - https:\/\/yoast.com\/wordpress\/plugins\/seo\/ -->\n<meta name=\"description\" content=\"Centre d\u2019art contemporain consacr\u00e9 \u00e0 la prospection et \u00e0 la recherche. Il permet aux artistes de d\u00e9velopper et diffuser leurs projets.\" \/>\n<meta name=\"robots\" content=\"index, follow, max-snippet:-1, max-image-preview:large, max-video-preview:-1\" \/>\n<link rel=\"canonical\" href=\"https:\/\/www.bonisson.com\/en\/bonisson-art-center-2021-2022\/\" \/>\n<meta property=\"og:locale\" content=\"en_US\" \/>\n<meta property=\"og:type\" content=\"article\" \/>\n<meta property=\"og:title\" content=\"Bonisson Art Center | Art contemporain \u00e0 Rognes, Aix-en-Provence\" \/>\n<meta property=\"og:description\" content=\"Centre d\u2019art contemporain consacr\u00e9 \u00e0 la prospection et \u00e0 la recherche. Il permet aux artistes de d\u00e9velopper et diffuser leurs projets.\" \/>\n<meta property=\"og:url\" content=\"https:\/\/www.bonisson.com\/en\/bonisson-art-center-2021-2022\/\" \/>\n<meta property=\"og:site_name\" content=\"Ch\u00e2teau Bonisson\" \/>\n<meta property=\"article:modified_time\" content=\"2026-01-12T14:52:34+00:00\" \/>\n<meta name=\"twitter:card\" content=\"summary_large_image\" \/>\n<script type=\"application\/ld+json\" class=\"yoast-schema-graph\">{\"@context\":\"https:\/\/schema.org\",\"@graph\":[{\"@type\":\"Organization\",\"@id\":\"https:\/\/www.bonisson.com\/#organization\",\"name\":\"Bonisson\",\"url\":\"https:\/\/www.bonisson.com\/\",\"sameAs\":[],\"logo\":{\"@type\":\"ImageObject\",\"@id\":\"https:\/\/www.bonisson.com\/#logo\",\"inLanguage\":\"en-US\",\"url\":\"https:\/\/www.bonisson.com\/wp-content\/uploads\/2020\/07\/logo-bonisson_normal.png\",\"contentUrl\":\"https:\/\/www.bonisson.com\/wp-content\/uploads\/2020\/07\/logo-bonisson_normal.png\",\"width\":241,\"height\":90,\"caption\":\"Bonisson\"},\"image\":{\"@id\":\"https:\/\/www.bonisson.com\/#logo\"}},{\"@type\":\"WebSite\",\"@id\":\"https:\/\/www.bonisson.com\/#website\",\"url\":\"https:\/\/www.bonisson.com\/\",\"name\":\"Ch\u00e2teau Bonisson\",\"description\":\"La Fresh Perspective\",\"publisher\":{\"@id\":\"https:\/\/www.bonisson.com\/#organization\"},\"potentialAction\":[{\"@type\":\"SearchAction\",\"target\":{\"@type\":\"EntryPoint\",\"urlTemplate\":\"https:\/\/www.bonisson.com\/?s={search_term_string}\"},\"query-input\":\"required name=search_term_string\"}],\"inLanguage\":\"en-US\"},{\"@type\":\"WebPage\",\"@id\":\"https:\/\/www.bonisson.com\/en\/bonisson-art-center-2021-2022\/#webpage\",\"url\":\"https:\/\/www.bonisson.com\/en\/bonisson-art-center-2021-2022\/\",\"name\":\"Bonisson Art Center | Art contemporain \u00e0 Rognes, Aix-en-Provence\",\"isPartOf\":{\"@id\":\"https:\/\/www.bonisson.com\/#website\"},\"datePublished\":\"2022-01-05T10:19:58+00:00\",\"dateModified\":\"2026-01-12T14:52:34+00:00\",\"description\":\"Centre d\u2019art contemporain consacr\u00e9 \u00e0 la prospection et \u00e0 la recherche. Il permet aux artistes de d\u00e9velopper et diffuser leurs projets.\",\"breadcrumb\":{\"@id\":\"https:\/\/www.bonisson.com\/en\/bonisson-art-center-2021-2022\/#breadcrumb\"},\"inLanguage\":\"en-US\",\"potentialAction\":[{\"@type\":\"ReadAction\",\"target\":[\"https:\/\/www.bonisson.com\/en\/bonisson-art-center-2021-2022\/\"]}]},{\"@type\":\"BreadcrumbList\",\"@id\":\"https:\/\/www.bonisson.com\/en\/bonisson-art-center-2021-2022\/#breadcrumb\",\"itemListElement\":[{\"@type\":\"ListItem\",\"position\":1,\"name\":\"Accueil\",\"item\":\"https:\/\/www.bonisson.com\/en\/\"},{\"@type\":\"ListItem\",\"position\":2,\"name\":\"Bonisson Expositions 2021-2025\"}]}]}<\/script>\n<!-- \/ Yoast SEO plugin. -->","yoast_head_json":{"description":"Centre d\u2019art contemporain consacr\u00e9 \u00e0 la prospection et \u00e0 la recherche. Il permet aux artistes de d\u00e9velopper et diffuser leurs projets.","robots":{"index":"index","follow":"follow","max-snippet":"max-snippet:-1","max-image-preview":"max-image-preview:large","max-video-preview":"max-video-preview:-1"},"canonical":"https:\/\/www.bonisson.com\/en\/bonisson-art-center-2021-2022\/","og_locale":"en_US","og_type":"article","og_title":"Bonisson Art Center | Art contemporain \u00e0 Rognes, Aix-en-Provence","og_description":"Centre d\u2019art contemporain consacr\u00e9 \u00e0 la prospection et \u00e0 la recherche. Il permet aux artistes de d\u00e9velopper et diffuser leurs projets.","og_url":"https:\/\/www.bonisson.com\/en\/bonisson-art-center-2021-2022\/","og_site_name":"Ch\u00e2teau Bonisson","article_modified_time":"2026-01-12T14:52:34+00:00","twitter_card":"summary_large_image","schema":{"@context":"https:\/\/schema.org","@graph":[{"@type":"Organization","@id":"https:\/\/www.bonisson.com\/#organization","name":"Bonisson","url":"https:\/\/www.bonisson.com\/","sameAs":[],"logo":{"@type":"ImageObject","@id":"https:\/\/www.bonisson.com\/#logo","inLanguage":"en-US","url":"https:\/\/www.bonisson.com\/wp-content\/uploads\/2020\/07\/logo-bonisson_normal.png","contentUrl":"https:\/\/www.bonisson.com\/wp-content\/uploads\/2020\/07\/logo-bonisson_normal.png","width":241,"height":90,"caption":"Bonisson"},"image":{"@id":"https:\/\/www.bonisson.com\/#logo"}},{"@type":"WebSite","@id":"https:\/\/www.bonisson.com\/#website","url":"https:\/\/www.bonisson.com\/","name":"Ch\u00e2teau Bonisson","description":"La Fresh Perspective","publisher":{"@id":"https:\/\/www.bonisson.com\/#organization"},"potentialAction":[{"@type":"SearchAction","target":{"@type":"EntryPoint","urlTemplate":"https:\/\/www.bonisson.com\/?s={search_term_string}"},"query-input":"required name=search_term_string"}],"inLanguage":"en-US"},{"@type":"WebPage","@id":"https:\/\/www.bonisson.com\/en\/bonisson-art-center-2021-2022\/#webpage","url":"https:\/\/www.bonisson.com\/en\/bonisson-art-center-2021-2022\/","name":"Bonisson Art Center | Art contemporain \u00e0 Rognes, Aix-en-Provence","isPartOf":{"@id":"https:\/\/www.bonisson.com\/#website"},"datePublished":"2022-01-05T10:19:58+00:00","dateModified":"2026-01-12T14:52:34+00:00","description":"Centre d\u2019art contemporain consacr\u00e9 \u00e0 la prospection et \u00e0 la recherche. Il permet aux artistes de d\u00e9velopper et diffuser leurs projets.","breadcrumb":{"@id":"https:\/\/www.bonisson.com\/en\/bonisson-art-center-2021-2022\/#breadcrumb"},"inLanguage":"en-US","potentialAction":[{"@type":"ReadAction","target":["https:\/\/www.bonisson.com\/en\/bonisson-art-center-2021-2022\/"]}]},{"@type":"BreadcrumbList","@id":"https:\/\/www.bonisson.com\/en\/bonisson-art-center-2021-2022\/#breadcrumb","itemListElement":[{"@type":"ListItem","position":1,"name":"Accueil","item":"https:\/\/www.bonisson.com\/en\/"},{"@type":"ListItem","position":2,"name":"Bonisson Expositions 2021-2025"}]}]}},"_links":{"self":[{"href":"https:\/\/www.bonisson.com\/en\/wp-json\/wp\/v2\/pages\/1597"}],"collection":[{"href":"https:\/\/www.bonisson.com\/en\/wp-json\/wp\/v2\/pages"}],"about":[{"href":"https:\/\/www.bonisson.com\/en\/wp-json\/wp\/v2\/types\/page"}],"author":[{"embeddable":true,"href":"https:\/\/www.bonisson.com\/en\/wp-json\/wp\/v2\/users\/1"}],"replies":[{"embeddable":true,"href":"https:\/\/www.bonisson.com\/en\/wp-json\/wp\/v2\/comments?post=1597"}],"version-history":[{"count":47,"href":"https:\/\/www.bonisson.com\/en\/wp-json\/wp\/v2\/pages\/1597\/revisions"}],"predecessor-version":[{"id":4009,"href":"https:\/\/www.bonisson.com\/en\/wp-json\/wp\/v2\/pages\/1597\/revisions\/4009"}],"wp:attachment":[{"href":"https:\/\/www.bonisson.com\/en\/wp-json\/wp\/v2\/media?parent=1597"}],"curies":[{"name":"wp","href":"https:\/\/api.w.org\/{rel}","templated":true}]}}