{"id":1659,"date":"2022-02-17T17:31:27","date_gmt":"2022-02-17T16:31:27","guid":{"rendered":"https:\/\/www.bonisson.com\/?page_id=1659"},"modified":"2022-12-09T16:56:58","modified_gmt":"2022-12-09T15:56:58","slug":"claude-viallat","status":"publish","type":"page","link":"https:\/\/www.bonisson.com\/en\/bonisson-art-center\/claude-viallat\/","title":{"rendered":"Claude Viallat"},"content":{"rendered":"<p>[vc_row css=&#8221;.vc_custom_1645115709215{background-image: url(https:\/\/www.bonisson.com\/wp-content\/uploads\/2022\/02\/fond-art-center-2.jpg?id=1677) !important;background-position: center !important;background-repeat: no-repeat !important;background-size: cover !important;}&#8221;][vc_column][vc_row_inner content_placement=&#8221;middle&#8221; css=&#8221;.vc_custom_1622003765931{padding-top: 10em !important;padding-bottom: 10em !important;}&#8221;][vc_column_inner width=&#8221;1\/12&#8243;][\/vc_column_inner][vc_column_inner width=&#8221;1\/2&#8243;][vc_column_text css=&#8221;.vc_custom_1645115281500{padding-top: 15px !important;padding-right: 25px !important;padding-bottom: 15px !important;padding-left: 25px !important;background-color: rgba(232,226,204,0.63) !important;*background-color: rgb(232,226,204) !important;}&#8221;]<\/p>\n<div class=\"wp-block-cover__inner-container\">\n<div class=\"wp-block-group page-title\">\n<div class=\"wp-block-group__inner-container\">\n<h1>&#8220;ECLECTIQUE&#8221;<\/h1>\n<h2>26 February &#8211; 12 June 2022<\/h2>\n<\/div>\n<\/div>\n<\/div>\n<p>[\/vc_column_text][\/vc_column_inner][vc_column_inner width=&#8221;5\/12&#8243;][\/vc_column_inner][\/vc_row_inner][\/vc_column][\/vc_row][vc_row css=&#8221;.vc_custom_1622002078054{padding-right: 35px !important;padding-left: 35px !important;}&#8221;][vc_column width=&#8221;1\/12&#8243;][\/vc_column][vc_column width=&#8221;10\/12&#8243;][vc_column_text]<strong>The year 2022 looks to be just as buzzing with creativity as last year at the Bonisson Art Center, with a calendar full of fascinating exhibitions. And we get off to a great start with Eclectique, an exhibition showcasing the works of Claude Viallat from 26 February to 12 June.<\/strong><\/p>\n<p>Admission to the Bonisson Art Center is free and open to all, thanks to the commitment of its founder, Christian Le Dorze, to give everyone free access to contemporary art. His passion for art stretches back many years and spurred him to open the Bonisson Art Center to share and promote the work of artists he particularly appreciates (mediation courses for school groups and adults).[\/vc_column_text][vc_text_separator title=&#8221;ECLECTIQUE&#8221; color=&#8221;custom&#8221; el_width=&#8221;50&#8243; accent_color=&#8221;#af2855&#8243; css=&#8221;.vc_custom_1645104889094{margin-bottom: 0px !important;}&#8221; el_class=&#8221;titre-feu&#8221;][vc_column_text css=&#8221;.vc_custom_1645115333198{padding-top: 15px !important;}&#8221;]<\/p>\n<p style=\"text-align: center;\"><strong>AN EXHIBITION OF CLAUDE VIALLAT<\/strong><\/p>\n<p>[\/vc_column_text][vc_row_inner][vc_column_inner width=&#8221;1\/4&#8243;][vc_empty_space][vc_single_image image=&#8221;1666&#8243; img_size=&#8221;medium&#8221; alignment=&#8221;center&#8221;][\/vc_column_inner][vc_column_inner width=&#8221;3\/4&#8243;][vc_empty_space][vc_column_text]A French painter, born in N\u00eemes in 1936, Claude Viallat is one of the founding members of the Supports\/Surfaces group. This movement, born towards the end of the 1960s, can be considered the last French avant-garde movement in the history of modernity and brought this cycle to a definitive close. Supports\/Surfaces is characterised by an approach that gives equal importance to the materials used, the creative gesture and the final work, displaying a desire to get back to the original gesture. The subject takes second place. The artists in the group redefined the practice of painting, starting with their material elements through the deconstruction of the painting which no longer had to convey any message and need represent nothing more than its own, material reality.<\/p>\n<p>Viallat bases his work on the use of a &#8220;neutral form, neither figurative, nor organic, or geometric, or symbolic; a form for all the others&#8221; which is part of a radical critique of lyrical and geometric abstraction. He adopts a painting process based on prints placed in a repeated pattern on a free canvas &#8211; unstretched and unframed &#8211; and paints on the ground which determines the work&#8217;s composition. Viallat&#8217;s work is based on the conviction that &#8220;the subject of the painting is the painting itself&#8221; through a movement of repetition and excess: &#8220;The idea of re-runs, or series or repetitions thus becomes a necessity.&#8221; The absence of a subject enables him to concentrate on shapes and structures, on the interaction between the colours, on the pictorial matter, producing a work on colour that is quite unique.<\/p>\n<blockquote><p>THE ECLECTIQUE EXHIBITION INVITES US ON AN ARTISTIC JOURNEY THROUGH 49 RECENT WORKS BY VIALLAT TO BETTER UNDERSTAND THE SUPPORTS\/SURFACES MOVEMENT AND THE WORK ON COLOUR WHICH BECOMES BOTH THE CENTRAL OBJECT AND SUBJECT OF THE PAINTING.<\/p><\/blockquote>\n<p>[\/vc_column_text][\/vc_column_inner][\/vc_row_inner][\/vc_column][vc_column width=&#8221;1\/12&#8243;][\/vc_column][\/vc_row][vc_row css=&#8221;.vc_custom_1622002078054{padding-right: 35px !important;padding-left: 35px !important;}&#8221;][vc_column width=&#8221;1\/12&#8243;][\/vc_column][vc_column width=&#8221;10\/12&#8243;][vc_column_text]<\/p>\n","protected":false},"excerpt":{"rendered":"<p>[vc_row css=&#8221;.vc_custom_1645115709215{background-image: url(https:\/\/www.bonisson.com\/wp-content\/uploads\/2022\/02\/fond-art-center-2.jpg?id=1677) !important;background-position: center !important;background-repeat: no-repeat !important;background-size: cover !important;}&#8221;][vc_column][vc_row_inner content_placement=&#8221;middle&#8221; css=&#8221;.vc_custom_1622003765931{padding-top: 10em !important;padding-bottom: 10em !important;}&#8221;][vc_column_inner width=&#8221;1\/12&#8243;][\/vc_column_inner][vc_column_inner width=&#8221;1\/2&#8243;][vc_column_text css=&#8221;.vc_custom_1645115281500{padding-top: 15px !important;padding-right: 25px !important;padding-bottom: 15px !important;padding-left: 25px !important;background-color: rgba(232,226,204,0.63) !important;*background-color: rgb(232,226,204) !important;}&#8221;] &#8220;ECLECTIQUE&#8221; 26 February &#8211; &#8230;<\/p>\n","protected":false},"author":1,"featured_media":0,"parent":440,"menu_order":0,"comment_status":"closed","ping_status":"closed","template":"","meta":[],"yoast_head":"<!-- This site is optimized with the Yoast SEO plugin v18.1 - https:\/\/yoast.com\/wordpress\/plugins\/seo\/ -->\n<meta name=\"description\" content=\"Exposition photographique George Rousse au Centre d\u2019art contemporain Bonisson \u00e0 Aix-en-Provence de D\u00e9cembre 2020 \u00e0 Fevrier 2021\" \/>\n<meta name=\"robots\" content=\"index, follow, max-snippet:-1, max-image-preview:large, max-video-preview:-1\" \/>\n<link rel=\"canonical\" href=\"https:\/\/www.bonisson.com\/en\/bonisson-art-center\/claude-viallat\/\" \/>\n<meta property=\"og:locale\" content=\"en_US\" \/>\n<meta property=\"og:type\" content=\"article\" \/>\n<meta property=\"og:title\" content=\"Claude Viallat | Centre d&#039;art contemporain Bonisson\" \/>\n<meta property=\"og:description\" content=\"Exposition photographique George Rousse au Centre d\u2019art contemporain Bonisson \u00e0 Aix-en-Provence de D\u00e9cembre 2020 \u00e0 Fevrier 2021\" \/>\n<meta property=\"og:url\" content=\"https:\/\/www.bonisson.com\/en\/bonisson-art-center\/claude-viallat\/\" \/>\n<meta property=\"og:site_name\" content=\"Ch\u00e2teau Bonisson\" \/>\n<meta property=\"article:modified_time\" content=\"2022-12-09T15:56:58+00:00\" \/>\n<meta name=\"twitter:card\" content=\"summary_large_image\" \/>\n<script type=\"application\/ld+json\" class=\"yoast-schema-graph\">{\"@context\":\"https:\/\/schema.org\",\"@graph\":[{\"@type\":\"Organization\",\"@id\":\"https:\/\/www.bonisson.com\/#organization\",\"name\":\"Bonisson\",\"url\":\"https:\/\/www.bonisson.com\/\",\"sameAs\":[],\"logo\":{\"@type\":\"ImageObject\",\"@id\":\"https:\/\/www.bonisson.com\/#logo\",\"inLanguage\":\"en-US\",\"url\":\"https:\/\/www.bonisson.com\/wp-content\/uploads\/2020\/07\/logo-bonisson_normal.png\",\"contentUrl\":\"https:\/\/www.bonisson.com\/wp-content\/uploads\/2020\/07\/logo-bonisson_normal.png\",\"width\":241,\"height\":90,\"caption\":\"Bonisson\"},\"image\":{\"@id\":\"https:\/\/www.bonisson.com\/#logo\"}},{\"@type\":\"WebSite\",\"@id\":\"https:\/\/www.bonisson.com\/#website\",\"url\":\"https:\/\/www.bonisson.com\/\",\"name\":\"Ch\u00e2teau Bonisson\",\"description\":\"La Fresh Perspective\",\"publisher\":{\"@id\":\"https:\/\/www.bonisson.com\/#organization\"},\"potentialAction\":[{\"@type\":\"SearchAction\",\"target\":{\"@type\":\"EntryPoint\",\"urlTemplate\":\"https:\/\/www.bonisson.com\/?s={search_term_string}\"},\"query-input\":\"required name=search_term_string\"}],\"inLanguage\":\"en-US\"},{\"@type\":\"WebPage\",\"@id\":\"https:\/\/www.bonisson.com\/en\/bonisson-art-center\/claude-viallat\/#webpage\",\"url\":\"https:\/\/www.bonisson.com\/en\/bonisson-art-center\/claude-viallat\/\",\"name\":\"Claude Viallat | Centre d'art contemporain Bonisson\",\"isPartOf\":{\"@id\":\"https:\/\/www.bonisson.com\/#website\"},\"datePublished\":\"2022-02-17T16:31:27+00:00\",\"dateModified\":\"2022-12-09T15:56:58+00:00\",\"description\":\"Exposition photographique George Rousse au Centre d\u2019art contemporain Bonisson \u00e0 Aix-en-Provence de D\u00e9cembre 2020 \u00e0 Fevrier 2021\",\"breadcrumb\":{\"@id\":\"https:\/\/www.bonisson.com\/en\/bonisson-art-center\/claude-viallat\/#breadcrumb\"},\"inLanguage\":\"en-US\",\"potentialAction\":[{\"@type\":\"ReadAction\",\"target\":[\"https:\/\/www.bonisson.com\/en\/bonisson-art-center\/claude-viallat\/\"]}]},{\"@type\":\"BreadcrumbList\",\"@id\":\"https:\/\/www.bonisson.com\/en\/bonisson-art-center\/claude-viallat\/#breadcrumb\",\"itemListElement\":[{\"@type\":\"ListItem\",\"position\":1,\"name\":\"Accueil\",\"item\":\"https:\/\/www.bonisson.com\/en\/\"},{\"@type\":\"ListItem\",\"position\":2,\"name\":\"Bonisson Art Center\",\"item\":\"https:\/\/www.bonisson.com\/en\/bonisson-art-center\/\"},{\"@type\":\"ListItem\",\"position\":3,\"name\":\"Claude Viallat\"}]}]}<\/script>\n<!-- \/ Yoast SEO plugin. -->","yoast_head_json":{"description":"Exposition photographique George Rousse au Centre d\u2019art contemporain Bonisson \u00e0 Aix-en-Provence de D\u00e9cembre 2020 \u00e0 Fevrier 2021","robots":{"index":"index","follow":"follow","max-snippet":"max-snippet:-1","max-image-preview":"max-image-preview:large","max-video-preview":"max-video-preview:-1"},"canonical":"https:\/\/www.bonisson.com\/en\/bonisson-art-center\/claude-viallat\/","og_locale":"en_US","og_type":"article","og_title":"Claude Viallat | Centre d'art contemporain Bonisson","og_description":"Exposition photographique George Rousse au Centre d\u2019art contemporain Bonisson \u00e0 Aix-en-Provence de D\u00e9cembre 2020 \u00e0 Fevrier 2021","og_url":"https:\/\/www.bonisson.com\/en\/bonisson-art-center\/claude-viallat\/","og_site_name":"Ch\u00e2teau Bonisson","article_modified_time":"2022-12-09T15:56:58+00:00","twitter_card":"summary_large_image","schema":{"@context":"https:\/\/schema.org","@graph":[{"@type":"Organization","@id":"https:\/\/www.bonisson.com\/#organization","name":"Bonisson","url":"https:\/\/www.bonisson.com\/","sameAs":[],"logo":{"@type":"ImageObject","@id":"https:\/\/www.bonisson.com\/#logo","inLanguage":"en-US","url":"https:\/\/www.bonisson.com\/wp-content\/uploads\/2020\/07\/logo-bonisson_normal.png","contentUrl":"https:\/\/www.bonisson.com\/wp-content\/uploads\/2020\/07\/logo-bonisson_normal.png","width":241,"height":90,"caption":"Bonisson"},"image":{"@id":"https:\/\/www.bonisson.com\/#logo"}},{"@type":"WebSite","@id":"https:\/\/www.bonisson.com\/#website","url":"https:\/\/www.bonisson.com\/","name":"Ch\u00e2teau Bonisson","description":"La Fresh Perspective","publisher":{"@id":"https:\/\/www.bonisson.com\/#organization"},"potentialAction":[{"@type":"SearchAction","target":{"@type":"EntryPoint","urlTemplate":"https:\/\/www.bonisson.com\/?s={search_term_string}"},"query-input":"required name=search_term_string"}],"inLanguage":"en-US"},{"@type":"WebPage","@id":"https:\/\/www.bonisson.com\/en\/bonisson-art-center\/claude-viallat\/#webpage","url":"https:\/\/www.bonisson.com\/en\/bonisson-art-center\/claude-viallat\/","name":"Claude Viallat | Centre d'art contemporain Bonisson","isPartOf":{"@id":"https:\/\/www.bonisson.com\/#website"},"datePublished":"2022-02-17T16:31:27+00:00","dateModified":"2022-12-09T15:56:58+00:00","description":"Exposition photographique George Rousse au Centre d\u2019art contemporain Bonisson \u00e0 Aix-en-Provence de D\u00e9cembre 2020 \u00e0 Fevrier 2021","breadcrumb":{"@id":"https:\/\/www.bonisson.com\/en\/bonisson-art-center\/claude-viallat\/#breadcrumb"},"inLanguage":"en-US","potentialAction":[{"@type":"ReadAction","target":["https:\/\/www.bonisson.com\/en\/bonisson-art-center\/claude-viallat\/"]}]},{"@type":"BreadcrumbList","@id":"https:\/\/www.bonisson.com\/en\/bonisson-art-center\/claude-viallat\/#breadcrumb","itemListElement":[{"@type":"ListItem","position":1,"name":"Accueil","item":"https:\/\/www.bonisson.com\/en\/"},{"@type":"ListItem","position":2,"name":"Bonisson Art Center","item":"https:\/\/www.bonisson.com\/en\/bonisson-art-center\/"},{"@type":"ListItem","position":3,"name":"Claude Viallat"}]}]}},"_links":{"self":[{"href":"https:\/\/www.bonisson.com\/en\/wp-json\/wp\/v2\/pages\/1659"}],"collection":[{"href":"https:\/\/www.bonisson.com\/en\/wp-json\/wp\/v2\/pages"}],"about":[{"href":"https:\/\/www.bonisson.com\/en\/wp-json\/wp\/v2\/types\/page"}],"author":[{"embeddable":true,"href":"https:\/\/www.bonisson.com\/en\/wp-json\/wp\/v2\/users\/1"}],"replies":[{"embeddable":true,"href":"https:\/\/www.bonisson.com\/en\/wp-json\/wp\/v2\/comments?post=1659"}],"version-history":[{"count":11,"href":"https:\/\/www.bonisson.com\/en\/wp-json\/wp\/v2\/pages\/1659\/revisions"}],"predecessor-version":[{"id":2018,"href":"https:\/\/www.bonisson.com\/en\/wp-json\/wp\/v2\/pages\/1659\/revisions\/2018"}],"up":[{"embeddable":true,"href":"https:\/\/www.bonisson.com\/en\/wp-json\/wp\/v2\/pages\/440"}],"wp:attachment":[{"href":"https:\/\/www.bonisson.com\/en\/wp-json\/wp\/v2\/media?parent=1659"}],"curies":[{"name":"wp","href":"https:\/\/api.w.org\/{rel}","templated":true}]}}